{"id":1132,"date":"2018-02-01T20:29:17","date_gmt":"2018-02-01T20:29:17","guid":{"rendered":"https:\/\/allianceswitch.ca\/realisations-vision\/"},"modified":"2023-03-21T18:09:50","modified_gmt":"2023-03-21T18:09:50","slug":"achievement-vision","status":"publish","type":"page","link":"https:\/\/allianceswitch.ca\/en\/achievement-vision\/","title":{"rendered":"Achievement and vision"},"content":{"rendered":"<div class=\"wpb-content-wrapper\">[mk_page_section bg_image=&#8221;https:\/\/173.231.220.19\/~allianceswitch\/wp-content\/uploads\/2018\/02\/top-priorite.jpg&#8221; bg_position=&#8221;center center&#8221; bg_repeat=&#8221;no-repeat&#8221; bg_stretch=&#8221;true&#8221; min_height=&#8221;400&#8243; full_width=&#8221;true&#8221; js_vertical_centered=&#8221;true&#8221; padding_top=&#8221;0&#8243; padding_bottom=&#8221;0&#8243; top_shape_style=&#8221;folded-top&#8221; has_bottom_shape_divider=&#8221;true&#8221; bottom_shape_style=&#8221;folded-bottom&#8221; el_class=&#8221;alliance-banniere&#8221; sidebar=&#8221;sidebar-1&#8243;][vc_column][vc_column_text align=&#8221;center&#8221; css=&#8221;.vc_custom_1546874125939{margin-bottom: 0px !important;}&#8221;]Green Economy[\/vc_column_text][mk_fancy_title tag_name=&#8221;h1&#8243; color=&#8221;#ffffff&#8221; size=&#8221;36&#8243; font_weight=&#8221;600&#8243; txt_transform=&#8221;uppercase&#8221; margin_bottom=&#8221;0&#8243; font_family=&#8221;none&#8221; align=&#8221;center&#8221;]Achievement and vision[\/mk_fancy_title][\/vc_column][\/mk_page_section][vc_row fullwidth=&#8221;true&#8221; el_class=&#8221;realisations-section-debut&#8221;][vc_column][mk_custom_box el_class=&#8221;realisation-custum-box&#8221;][vc_column_text css=&#8221;.vc_custom_1679421386083{margin-bottom: 0px !important;}&#8221;]\n<p style=\"text-align: left;\">From the beginning, SWITCH has carried out several events and produced many briefs, action plans and analyses.<br \/>\nIn particular, we should mention:<\/p>\n<p>&nbsp;<\/p>\n<ul>\n<li><a href=\"https:\/\/173.231.220.19\/~allianceswitch\/wp-content\/uploads\/2023\/03\/20230309-swtich-idq-impacts-pour-economie-verte.pdf\">La Loi sur la r\u00e9duction de l\u2019inflation des \u00c9tats-Unis \u00a0: Des impacts pour l\u2019\u00e9conomie verte du Qu\u00e9bec<\/a><\/li>\n<li><a href=\"https:\/\/173.231.220.19\/~allianceswitch\/wp-content\/uploads\/2023\/01\/memoire_switch_sdd_-vf.pdf\">De l&#8217;Ambition pour une \u00e9conomie + verte : M\u00e9moire sur le projet de Strat\u00e9gie gouvernementale de d\u00e9veloppement durable 2023-2028<\/a><\/li>\n<li><a href=\"https:\/\/173.231.220.19\/~allianceswitch\/wp-content\/uploads\/2022\/03\/memoire_switch_consult-pl12_vf.pdf\">M\u00e9moire &#8211; Strat\u00e9gie gouvernementale des march\u00e9s publics et Projet de loi 12<\/a><\/li>\n<li><a href=\"https:\/\/173.231.220.19\/~allianceswitch\/wp-content\/uploads\/2022\/02\/lettre-adressee-au-min-girard-budget-2022_vf.pdf\">Lettre au ministre des Finances M. \u00c9ric Girard &#8211; Consultation pr\u00e9budg\u00e9taire<\/a><\/li>\n<li><a href=\"https:\/\/173.231.220.19\/~allianceswitch\/wp-content\/uploads\/2022\/01\/memoire_switch_consult-strat-bioenergies-et-h2_vf.pdf\">M\u00e9moire &#8211; \u00a0\u00a0\u00a0Vers une Strat\u00e9gie sur l&#8217;hydrog\u00e8ne vert et les bio\u00e9nergies 2030<\/a><\/li>\n<li><a href=\"https:\/\/173.231.220.19\/~allianceswitch\/wp-content\/uploads\/2020\/11\/switch_instruments-conomiques_finalrev.pdf\" target=\"_blank\" rel=\"noopener noreferrer\">Proposition d\u2019instruments \u00e9conomiques pour une une relance verte, durable et innovante au Qu\u00e9bec<\/a><\/li>\n<li><a href=\"https:\/\/173.231.220.19\/~allianceswitch\/wp-content\/uploads\/2020\/01\/mmoire-pl44-switch_f.pdf\" target=\"_blank\" rel=\"noopener noreferrer\">M\u00e9moire sur la gouvernance efficace de la lutte contre les changements climatiques et pour favoriser l&#8217;\u00e9lectrification<\/a><\/li>\n<li><a href=\"https:\/\/173.231.220.19\/~allianceswitch\/wp-content\/uploads\/2019\/11\/rglement-volume-biocarburants_switch.pdf\" target=\"_blank\" rel=\"noopener noreferrer\">M\u00e9moire sur le Projet de R\u00e8glement concernant le volume minimal de carburant renouvelable dans l\u2019essence et le carburant diesel<\/a><\/li>\n<li><a href=\"https:\/\/173.231.220.19\/~allianceswitch\/wp-content\/uploads\/2019\/06\/proposition_switch_2019-2_fi.pdf\">Propositions pour une \u00e9conomie verte, innovante et prosp\u00e8re<\/a><\/li>\n<li><a href=\"\/wp-content\/uploads\/2018\/02\/plan-action-transport_switch_final.pdf\" target=\"_blank\" rel=\"noopener\">Plan d\u2019action sur les transports dans la lutte aux changements climatiques \u00bb<\/a><\/li>\n<li><a href=\"\/wp-content\/uploads\/2018\/02\/rapport-route-du-carbone_switch_final.pdf\" target=\"_blank\" rel=\"noopener\">Rapport sur la Route du Carbone<\/a><\/li>\n<li style=\"text-align: left;\"><a href=\"\/wp-content\/uploads\/2018\/02\/15_09_02_switch_mmoirecofiscalit_final1.pdf\" target=\"_blank\" rel=\"noopener\">M\u00e9moire sur l\u2019\u00e9cofiscalit\u00e9 pr\u00e9sent\u00e9 \u00e0 la commission des finances publiques<\/a><\/li>\n<li style=\"text-align: left;\"><a href=\"\/wp-content\/uploads\/2018\/02\/plan-daction-marchs-publics_switch_janvier-2015.pdf\" target=\"_blank\" rel=\"noopener\">Plan d\u2019action pour des march\u00e9s publics performants et responsables<\/a><\/li>\n<li style=\"text-align: left;\"><a href=\"\/wp-content\/uploads\/2018\/02\/15-01-29-switch-mmoire-achats-responsables_-final.pdf\" target=\"_blank\" rel=\"noopener\">M\u00e9moire sur la r\u00e9vision de la strat\u00e9gie de d\u00e9veloppement durable du gouvernement du Qu\u00e9bec<\/a><\/li>\n<li style=\"text-align: left;\"><a href=\"\/wp-content\/uploads\/2018\/02\/rapport-leviers-financiers_switch-final.pdf\" target=\"_blank\" rel=\"noopener\">Plan d\u2019action sur les leviers financiers, moteur de l\u2019innovation et de l\u2019entrepreneuriat verts<\/a><\/li>\n<li style=\"text-align: left;\"><a href=\"\/wp-content\/uploads\/2018\/02\/switch_rapport-emplois-verts_janvier-2014.pdf\" target=\"_blank\" rel=\"noopener\">Rapport sur l\u2019essor des emplois verts au Qu\u00e9bec<\/a><\/li>\n<li style=\"text-align: left;\"><a href=\"\/wp-content\/uploads\/2018\/02\/switch_rapport-innovations-sociales_janvier-2014.pdf\" target=\"_blank\" rel=\"noopener\">Rapport sur les innovations sociales au c\u0153ur de la transition vers une \u00e9conomie verte<\/a><\/li>\n<li style=\"text-align: left;\"><a href=\"\/wp-content\/uploads\/2018\/02\/2013-09-30-_switch_mmoire-energie_final.pdf\" target=\"_blank\" rel=\"noopener\">M\u00e9moire sur les choix \u00e9nerg\u00e9tiques pr\u00e9sent\u00e9 \u00e0 la Commission sur les enjeux \u00e9nerg\u00e9tiques du Qu\u00e9bec<\/a><\/li>\n<li style=\"text-align: left;\"><a href=\"\/wp-content\/uploads\/2018\/02\/conomie-que-nous-voulons_mars-2013_-switch_final.pdf\" target=\"_blank\" rel=\"noopener\">Rapport sur le positionnement de l\u2019\u00e9conomie qu\u00e9b\u00e9coise dans un monde en transition<\/a><\/li>\n<li style=\"text-align: left;\">Two major events, bringing together the key players of the green economy:<br \/>\n<a href=\"https:\/\/wp-content\/uploads\/2018\/02\/2015-04-13_communiqu-de-clture_table-ronde_switch.pdf\" target=\"_blank\" rel=\"noopener\">La Table ronde canadienne sur l\u2019\u00e9conomie verte \u2013 Qu\u00e9bec 2015<\/a> (200 business people and environmentalists from across Canada)<a href=\"\/wp-content\/uploads\/2018\/02\/les-actes-des-ateliers-eco-verte_final.pdf\" target=\"_blank\" rel=\"noopener\"> Les ateliers de l\u2019\u00e9conomie : Rendez-vous des d\u00e9cideurs \u2013 Montr\u00e9al 2014<\/a> (80 organizations agree to reconcile the economy and the environment)<\/li>\n<\/ul>\n[\/vc_column_text][mk_button dimension=&#8221;flat&#8221; corner_style=&#8221;full_rounded&#8221; url=&#8221;https:\/\/173.231.220.19\/~allianceswitch\/en\/contact\/&#8221; align=&#8221;center&#8221; margin_bottom=&#8221;-30&#8243; margin_right=&#8221;0&#8243;]Contact us[\/mk_button][\/mk_custom_box][\/vc_column][\/vc_row][vc_row fullwidth=&#8221;true&#8221; equal_columns=&#8221;true&#8221; el_class=&#8221;enjeux-section-2-boites&#8221;][vc_column width=&#8221;1\/2&#8243; css=&#8221;.vc_custom_1517597177236{background-image: url(https:\/\/173.231.220.19\/~allianceswitch\/wp-content\/uploads\/2018\/02\/side-realisation-vision.jpg?id=761) !important;background-position: center !important;background-repeat: no-repeat !important;background-size: cover !important;}&#8221; el_class=&#8221;enjeux-espace-image&#8221;][\/vc_column][vc_column width=&#8221;1\/2&#8243; css=&#8221;.vc_custom_1517519338554{background-color: #15b0c6 !important;}&#8221; el_class=&#8221;realisations-col-2-boites&#8221;][vc_column_text css=&#8221;.vc_custom_1545421602421{margin-bottom: 0px !important;}&#8221;]Building on the achievements accomplished to date, SWITCH wants to focus its next actions on concretizing the changes already begun. Governments increasingly understand the extent to which the switch to a green economy is necessary and positive. Thanks to SWITCH\u2019s work, they know better how this change must be applied, particularly in key sectors such as transportation, technological development and procurement. Unfortunately, government actions encounter strong inertia and are bogged down in all kinds of systemic constraints (regulation, resistance to change, social norms and beliefs, etc., so much so that the expected switch does not become. From now on, SWITCH therefore wants to focus its attention on identifying barriers (hindrances) to government actions, and the ways to get around them. The issue is no longer really to convince governments to act in favour of the development of a green economy, but to help them achieve this.<\/p>\n<p>.[\/vc_column_text][mk_button dimension=&#8221;flat&#8221; corner_style=&#8221;full_rounded&#8221; url=&#8221;https:\/\/173.231.220.19\/~allianceswitch\/en\/priorities\/&#8221;]Discover our priorities[\/mk_button][\/vc_column][\/vc_row][vc_row fullwidth=&#8221;true&#8221; el_class=&#8221;realisations-section-champion&#8221;][vc_column][vc_column_text css=&#8221;.vc_custom_1679421489815{margin-bottom: 0px !important;}&#8221;]\n<p style=\"text-align: center;\">SWITCH is also positioned as a champion of the energy transition with the aim of inducing the private sector to take concrete actions favouring the reduction of the use of resources and GHG emissions. At the same time, SWITCH will always seek to benefit from opportunities that will arise to convey the results of its work (budget consultations, PEV implementation, update of the SDD, post-2020 CCAP, etc.). If applicable, it will also be able to document emerging issues that could contribute to the accomplishment of its mission.<\/p>\n<p style=\"text-align: center;\">SWITCH more broadly presents the Qu\u00e9bec and global context and issues of a green economy in its publication :<\/p>\n<p style=\"text-align: center;\"><a href=\"https:\/\/173.231.220.19\/~allianceswitch\/wp-content\/uploads\/2023\/03\/top10_plateforme_switch_vf.pdf\" target=\"_blank\" rel=\"noopener\">Plateforme SWITCH &#8211; 10 recommandations pour\u00a0une \u00e9conomie + verte<\/a><\/p>\n[\/vc_column_text][mk_button dimension=&#8221;flat&#8221; corner_style=&#8221;full_rounded&#8221; url=&#8221;https:\/\/173.231.220.19\/~allianceswitch\/en\/publications\/&#8221; align=&#8221;center&#8221; el_class=&#8221;realisations-btn-memoires&#8221;]See our briefs and reports[\/mk_button][\/vc_column][\/vc_row]\n<\/div>","protected":false},"excerpt":{"rendered":"<p>[mk_page_section bg_image=&#8221;https:\/\/173.231.220.19\/~allianceswitch\/wp-content\/uploads\/2018\/02\/top-priorite.jpg&#8221; bg_position=&#8221;center center&#8221; bg_repeat=&#8221;no-repeat&#8221; bg_stretch=&#8221;true&#8221; min_height=&#8221;400&#8243; full_width=&#8221;true&#8221; js_vertical_centered=&#8221;true&#8221; padding_top=&#8221;0&#8243; padding_bottom=&#8221;0&#8243; top_shape_style=&#8221;folded-top&#8221; has_bottom_shape_divider=&#8221;true&#8221; bottom_shape_style=&#8221;folded-bottom&#8221; el_class=&#8221;alliance-banniere&#8221; sidebar=&#8221;sidebar-1&#8243;][vc_column][vc_column_text align=&#8221;center&#8221; css=&#8221;.vc_custom_1546874125939{margin-bottom: 0px !important;}&#8221;]Green Economy[\/vc_column_text][mk_fancy_title tag_name=&#8221;h1&#8243; color=&#8221;#ffffff&#8221; size=&#8221;36&#8243; font_weight=&#8221;600&#8243; txt_transform=&#8221;uppercase&#8221; margin_bottom=&#8221;0&#8243; font_family=&#8221;none&#8221; align=&#8221;center&#8221;]Achievement and vision[\/mk_fancy_title][\/vc_column][\/mk_page_section][vc_row fullwidth=&#8221;true&#8221; el_class=&#8221;realisations-section-debut&#8221;][vc_column][mk_custom_box el_class=&#8221;realisation-custum-box&#8221;][vc_column_text css=&#8221;.vc_custom_1679421386083{margin-bottom: 0px !important;}&#8221;] From the beginning, SWITCH has carried out several events and produced many briefs, action plans and analyses. In [&hellip;]<\/p>\n","protected":false},"author":1,"featured_media":0,"parent":0,"menu_order":0,"comment_status":"closed","ping_status":"closed","template":"","meta":{"footnotes":""},"class_list":["post-1132","page","type-page","status-publish","hentry"],"yoast_head":"<!-- This site is optimized with the Yoast SEO plugin v26.5 - https:\/\/yoast.com\/wordpress\/plugins\/seo\/ -->\n<title>Achievement and vision - Alliance Switch<\/title>\n<meta name=\"robots\" content=\"index, follow, max-snippet:-1, max-image-preview:large, max-video-preview:-1\" \/>\n<link rel=\"canonical\" href=\"https:\/\/allianceswitch.ca\/en\/achievement-vision\/\" \/>\n<meta property=\"og:locale\" content=\"en_US\" \/>\n<meta property=\"og:type\" content=\"article\" \/>\n<meta property=\"og:title\" content=\"Achievement and vision - Alliance Switch\" \/>\n<meta property=\"og:description\" content=\"[mk_page_section bg_image=&#8221;https:\/\/173.231.220.19\/~allianceswitch\/wp-content\/uploads\/2018\/02\/top-priorite.jpg&#8221; bg_position=&#8221;center center&#8221; bg_repeat=&#8221;no-repeat&#8221; bg_stretch=&#8221;true&#8221; min_height=&#8221;400&#8243; full_width=&#8221;true&#8221; js_vertical_centered=&#8221;true&#8221; padding_top=&#8221;0&#8243; padding_bottom=&#8221;0&#8243; top_shape_style=&#8221;folded-top&#8221; has_bottom_shape_divider=&#8221;true&#8221; bottom_shape_style=&#8221;folded-bottom&#8221; el_class=&#8221;alliance-banniere&#8221; sidebar=&#8221;sidebar-1&#8243;][vc_column][vc_column_text align=&#8221;center&#8221; css=&#8221;.vc_custom_1546874125939{margin-bottom: 0px !important;}&#8221;]Green Economy[\/vc_column_text][mk_fancy_title tag_name=&#8221;h1&#8243; color=&#8221;#ffffff&#8221; size=&#8221;36&#8243; font_weight=&#8221;600&#8243; txt_transform=&#8221;uppercase&#8221; margin_bottom=&#8221;0&#8243; font_family=&#8221;none&#8221; align=&#8221;center&#8221;]Achievement and vision[\/mk_fancy_title][\/vc_column][\/mk_page_section][vc_row fullwidth=&#8221;true&#8221; el_class=&#8221;realisations-section-debut&#8221;][vc_column][mk_custom_box el_class=&#8221;realisation-custum-box&#8221;][vc_column_text css=&#8221;.vc_custom_1679421386083{margin-bottom: 0px !important;}&#8221;] From the beginning, SWITCH has carried out several events and produced many briefs, action plans and analyses. In [&hellip;]\" \/>\n<meta property=\"og:url\" content=\"https:\/\/allianceswitch.ca\/en\/achievement-vision\/\" \/>\n<meta property=\"og:site_name\" content=\"Alliance Switch\" \/>\n<meta property=\"article:modified_time\" content=\"2023-03-21T18:09:50+00:00\" \/>\n<meta name=\"twitter:card\" content=\"summary_large_image\" \/>\n<meta name=\"twitter:label1\" content=\"Est. reading time\" \/>\n\t<meta name=\"twitter:data1\" content=\"4 minutes\" \/>\n<script type=\"application\/ld+json\" class=\"yoast-schema-graph\">{\"@context\":\"https:\/\/schema.org\",\"@graph\":[{\"@type\":\"WebPage\",\"@id\":\"https:\/\/allianceswitch.ca\/en\/achievement-vision\/\",\"url\":\"https:\/\/allianceswitch.ca\/en\/achievement-vision\/\",\"name\":\"Achievement and vision - Alliance Switch\",\"isPartOf\":{\"@id\":\"https:\/\/allianceswitch.ca\/#website\"},\"datePublished\":\"2018-02-01T20:29:17+00:00\",\"dateModified\":\"2023-03-21T18:09:50+00:00\",\"breadcrumb\":{\"@id\":\"https:\/\/allianceswitch.ca\/en\/achievement-vision\/#breadcrumb\"},\"inLanguage\":\"en-US\",\"potentialAction\":[{\"@type\":\"ReadAction\",\"target\":[\"https:\/\/allianceswitch.ca\/en\/achievement-vision\/\"]}]},{\"@type\":\"BreadcrumbList\",\"@id\":\"https:\/\/allianceswitch.ca\/en\/achievement-vision\/#breadcrumb\",\"itemListElement\":[{\"@type\":\"ListItem\",\"position\":1,\"name\":\"Accueil\",\"item\":\"https:\/\/allianceswitch.ca\/en\/\"},{\"@type\":\"ListItem\",\"position\":2,\"name\":\"Achievement and vision\"}]},{\"@type\":\"WebSite\",\"@id\":\"https:\/\/allianceswitch.ca\/#website\",\"url\":\"https:\/\/allianceswitch.ca\/\",\"name\":\"Alliance Switch\",\"description\":\"L&#039;Alliance pour une \u00e9conomie verte au qu\u00e9bec\",\"publisher\":{\"@id\":\"https:\/\/allianceswitch.ca\/#organization\"},\"potentialAction\":[{\"@type\":\"SearchAction\",\"target\":{\"@type\":\"EntryPoint\",\"urlTemplate\":\"https:\/\/allianceswitch.ca\/?s={search_term_string}\"},\"query-input\":{\"@type\":\"PropertyValueSpecification\",\"valueRequired\":true,\"valueName\":\"search_term_string\"}}],\"inLanguage\":\"en-US\"},{\"@type\":\"Organization\",\"@id\":\"https:\/\/allianceswitch.ca\/#organization\",\"name\":\"Alliance Switch\",\"url\":\"https:\/\/allianceswitch.ca\/\",\"logo\":{\"@type\":\"ImageObject\",\"inLanguage\":\"en-US\",\"@id\":\"https:\/\/allianceswitch.ca\/#\/schema\/logo\/image\/\",\"url\":\"https:\/\/173.231.220.19\/~allianceswitch\/wp-content\/uploads\/2018\/01\/switch_logo.jpg\",\"contentUrl\":\"https:\/\/173.231.220.19\/~allianceswitch\/wp-content\/uploads\/2018\/01\/switch_logo.jpg\",\"width\":275,\"height\":102,\"caption\":\"Alliance Switch\"},\"image\":{\"@id\":\"https:\/\/allianceswitch.ca\/#\/schema\/logo\/image\/\"}}]}<\/script>\n<!-- \/ Yoast SEO plugin. -->","yoast_head_json":{"title":"Achievement and vision - Alliance Switch","robots":{"index":"index","follow":"follow","max-snippet":"max-snippet:-1","max-image-preview":"max-image-preview:large","max-video-preview":"max-video-preview:-1"},"canonical":"https:\/\/allianceswitch.ca\/en\/achievement-vision\/","og_locale":"en_US","og_type":"article","og_title":"Achievement and vision - Alliance Switch","og_description":"[mk_page_section bg_image=&#8221;https:\/\/173.231.220.19\/~allianceswitch\/wp-content\/uploads\/2018\/02\/top-priorite.jpg&#8221; bg_position=&#8221;center center&#8221; bg_repeat=&#8221;no-repeat&#8221; bg_stretch=&#8221;true&#8221; min_height=&#8221;400&#8243; full_width=&#8221;true&#8221; js_vertical_centered=&#8221;true&#8221; padding_top=&#8221;0&#8243; padding_bottom=&#8221;0&#8243; top_shape_style=&#8221;folded-top&#8221; has_bottom_shape_divider=&#8221;true&#8221; bottom_shape_style=&#8221;folded-bottom&#8221; el_class=&#8221;alliance-banniere&#8221; sidebar=&#8221;sidebar-1&#8243;][vc_column][vc_column_text align=&#8221;center&#8221; css=&#8221;.vc_custom_1546874125939{margin-bottom: 0px !important;}&#8221;]Green Economy[\/vc_column_text][mk_fancy_title tag_name=&#8221;h1&#8243; color=&#8221;#ffffff&#8221; size=&#8221;36&#8243; font_weight=&#8221;600&#8243; txt_transform=&#8221;uppercase&#8221; margin_bottom=&#8221;0&#8243; font_family=&#8221;none&#8221; align=&#8221;center&#8221;]Achievement and vision[\/mk_fancy_title][\/vc_column][\/mk_page_section][vc_row fullwidth=&#8221;true&#8221; el_class=&#8221;realisations-section-debut&#8221;][vc_column][mk_custom_box el_class=&#8221;realisation-custum-box&#8221;][vc_column_text css=&#8221;.vc_custom_1679421386083{margin-bottom: 0px !important;}&#8221;] From the beginning, SWITCH has carried out several events and produced many briefs, action plans and analyses. In [&hellip;]","og_url":"https:\/\/allianceswitch.ca\/en\/achievement-vision\/","og_site_name":"Alliance Switch","article_modified_time":"2023-03-21T18:09:50+00:00","twitter_card":"summary_large_image","twitter_misc":{"Est. reading time":"4 minutes"},"schema":{"@context":"https:\/\/schema.org","@graph":[{"@type":"WebPage","@id":"https:\/\/allianceswitch.ca\/en\/achievement-vision\/","url":"https:\/\/allianceswitch.ca\/en\/achievement-vision\/","name":"Achievement and vision - Alliance Switch","isPartOf":{"@id":"https:\/\/allianceswitch.ca\/#website"},"datePublished":"2018-02-01T20:29:17+00:00","dateModified":"2023-03-21T18:09:50+00:00","breadcrumb":{"@id":"https:\/\/allianceswitch.ca\/en\/achievement-vision\/#breadcrumb"},"inLanguage":"en-US","potentialAction":[{"@type":"ReadAction","target":["https:\/\/allianceswitch.ca\/en\/achievement-vision\/"]}]},{"@type":"BreadcrumbList","@id":"https:\/\/allianceswitch.ca\/en\/achievement-vision\/#breadcrumb","itemListElement":[{"@type":"ListItem","position":1,"name":"Accueil","item":"https:\/\/allianceswitch.ca\/en\/"},{"@type":"ListItem","position":2,"name":"Achievement and vision"}]},{"@type":"WebSite","@id":"https:\/\/allianceswitch.ca\/#website","url":"https:\/\/allianceswitch.ca\/","name":"Alliance Switch","description":"L&#039;Alliance pour une \u00e9conomie verte au qu\u00e9bec","publisher":{"@id":"https:\/\/allianceswitch.ca\/#organization"},"potentialAction":[{"@type":"SearchAction","target":{"@type":"EntryPoint","urlTemplate":"https:\/\/allianceswitch.ca\/?s={search_term_string}"},"query-input":{"@type":"PropertyValueSpecification","valueRequired":true,"valueName":"search_term_string"}}],"inLanguage":"en-US"},{"@type":"Organization","@id":"https:\/\/allianceswitch.ca\/#organization","name":"Alliance Switch","url":"https:\/\/allianceswitch.ca\/","logo":{"@type":"ImageObject","inLanguage":"en-US","@id":"https:\/\/allianceswitch.ca\/#\/schema\/logo\/image\/","url":"https:\/\/173.231.220.19\/~allianceswitch\/wp-content\/uploads\/2018\/01\/switch_logo.jpg","contentUrl":"https:\/\/173.231.220.19\/~allianceswitch\/wp-content\/uploads\/2018\/01\/switch_logo.jpg","width":275,"height":102,"caption":"Alliance Switch"},"image":{"@id":"https:\/\/allianceswitch.ca\/#\/schema\/logo\/image\/"}}]}},"_links":{"self":[{"href":"https:\/\/allianceswitch.ca\/en\/wp-json\/wp\/v2\/pages\/1132","targetHints":{"allow":["GET"]}}],"collection":[{"href":"https:\/\/allianceswitch.ca\/en\/wp-json\/wp\/v2\/pages"}],"about":[{"href":"https:\/\/allianceswitch.ca\/en\/wp-json\/wp\/v2\/types\/page"}],"author":[{"embeddable":true,"href":"https:\/\/allianceswitch.ca\/en\/wp-json\/wp\/v2\/users\/1"}],"replies":[{"embeddable":true,"href":"https:\/\/allianceswitch.ca\/en\/wp-json\/wp\/v2\/comments?post=1132"}],"version-history":[{"count":12,"href":"https:\/\/allianceswitch.ca\/en\/wp-json\/wp\/v2\/pages\/1132\/revisions"}],"predecessor-version":[{"id":1846,"href":"https:\/\/allianceswitch.ca\/en\/wp-json\/wp\/v2\/pages\/1132\/revisions\/1846"}],"wp:attachment":[{"href":"https:\/\/allianceswitch.ca\/en\/wp-json\/wp\/v2\/media?parent=1132"}],"curies":[{"name":"wp","href":"https:\/\/api.w.org\/{rel}","templated":true}]}}